{"id":322,"date":"2015-02-09T10:06:01","date_gmt":"2015-02-09T10:06:01","guid":{"rendered":"http:\/\/demos.volovar.net\/bluecollar.wp\/demo\/?page_id=322"},"modified":"2021-03-19T22:24:40","modified_gmt":"2021-03-19T21:24:40","slug":"elec-city-accueil","status":"publish","type":"page","link":"https:\/\/www.elec-city.fr\/","title":{"rendered":"ELEC CITY &#8211; Accueil"},"content":{"rendered":"<p>[vc_row][vc_column]<div class=\"c-slider m-parallax-dynamic\" style=\"background-image: url( 'https:\/\/www.elec-city.fr\/wp-content\/uploads\/2015\/02\/electric-technician-job-sat.jpg' );\"><div class=\"slide-list\"><div class=\"slide\"><div class=\"slide-bg\"><div class=\"slide-inner\"><div class=\"slide-content valign-middle\" style=\"height: 400px;\"><div class=\"row \">\r\n\r\n<div class=\"col-md-6\">\r\n<h1>Entreprise d'Electricit\u00e9\r\nG\u00e9n\u00e9rale<\/h1>\r\n<\/div>\r\n\r\n<div class=\"col-md-6\">\r\n<h3>Plus d'une dizaine d'ann\u00e9es d'activit\u00e9 et des centaines de clients heureux,<\/h3>\r\nDevis, D\u00e9pannage, R\u00e9novation \u00e9lectrique ou projet sur-mesure : Contactez-nous par t\u00e9l\u00e9phone, mail ou via le chat,\r\n\r\n<hr class=\"c-separator m-transparent m-size-default\">\r\n\r\n<p><a href=\"http:\/\/www.elec-city.fr\/index.php\/contact\" class=\"c-button m-size-large m-color-1\">Contactez-Nous Maintenant !<\/a><\/p>\n\r\n\r\n<\/div>\r\n\r\n<\/div><\/div><\/div><\/div><\/div><div class=\"slide\"><div class=\"slide-bg\"><div class=\"slide-inner\"><div class=\"slide-content valign-middle\" style=\"height: 400px;\"><div class=\"row \">\r\n\r\n<div class=\"col-md-6\">\r\n<h2>Nos projets d\u00e9j\u00e0 r\u00e9alis\u00e9s...<\/h2>\r\n<\/div>\r\n\r\n<div class=\"col-md-6\">\r\n<h3>Nos clients ainsi que nos prestations sont <span style=\"font-size: 18.72px;\">tr\u00e8s<\/span>\u00a0vari\u00e9s, contactez-nous pour r\u00e9aliser le v\u00f4tre !<\/h3>\r\nVoici quelques-unes de nos r\u00e9alisations, nous aimons les challenges et surtout voir nos clients satisfaits.\r\n\r\n<hr class=\"c-separator m-transparent m-size-default\">\r\n\r\n<p><a href=\"#\" class=\"c-button m-size-large m-color-1\">Exemples de Projets<\/a><\/p>\n\r\n\r\n<\/div>\r\n\r\n<\/div><\/div><\/div><\/div><\/div><div class=\"slide\"><div class=\"slide-bg\"><div class=\"slide-inner\"><div class=\"slide-content valign-middle\" style=\"height: 400px;\"><div class=\"c-testimonial\"><blockquote><p>Nous travaillons avec Elec City sur plusieurs projets dans la m\u00e9tropole Lilloise et nous en sommes tr\u00e8s heureux<\/p>\n<footer><cite><strong>Fabrice Deruter<\/strong>, Agent Immobilier<\/cite><\/footer><\/blockquote><\/div><\/div><\/div><\/div><\/div><div class=\"slide\"><div class=\"slide-bg\"><div class=\"slide-inner\"><div class=\"slide-content valign-middle\" style=\"height: 400px;\"><div class=\"c-testimonial\"><blockquote><p>Je contacte r\u00e9guli\u00e8rement Elec City pour la r\u00e9novation de mes biens et pour le d\u00e9pannage de mes locataires<\/p>\n<footer><cite><b>Mehdi MELAH<\/b>, Bailleur<\/cite><\/footer><\/blockquote><\/div><\/div><\/div><\/div><\/div><div class=\"slide\"><div class=\"slide-bg\"><div class=\"slide-inner\"><div class=\"slide-content valign-middle\" style=\"height: 400px;\"><div class=\"c-testimonial\"><blockquote><p>Elec city nous a d\u00e9pann\u00e9 en urgence \u00e0 plusieurs reprises, nous les avons aussi contact\u00e9s pour la r\u00e9novation de notre appartement<\/p>\n<footer><cite><strong>Caroline DERYCKX<\/strong>, Restauratrice \u00e0 Wattrelos<\/cite><\/footer><\/blockquote><\/div><\/div><\/div><\/div><\/div><\/div><\/div>[\/vc_column][\/vc_row][vc_row wrap_in_section=\u00a0\u00bbyes\u00a0\u00bb wrap_in_container=\u00a0\u00bbyes\u00a0\u00bb][vc_column][vc_column_text]<\/p>\n<h1 style=\"text-align: left;\">Proximit\u00e9, Comp\u00e9tences &amp; Satisfaction<\/h1>\n<h2><em><span style=\"color: black;\"><b>Situ\u00e9 \u00e0 Lille Dans le Nord Pas-de-Calais, nous sommes \u00e0 votre disposition pour des interventions sur votre secteur.<\/b><\/span><\/em><\/h2>\n<p>[\/vc_column_text]<hr class=\"c-separator hidden-lg hidden-md hidden-sm m-transparent m-size-medium\"><hr class=\"c-separator hidden-lg hidden-md hidden-sm m-transparent m-size-medium\"><hr class=\"c-separator hidden-lg hidden-md hidden-sm m-transparent m-size-medium\">[vc_row_inner][vc_column_inner width=\u00a0\u00bb1\/3&Prime;]<div class=\"c-feature\"><i class=\"feature-icon im im-license\"><\/i><h3 class=\"feature-title\">Certification<\/h3><div class=\"feature-text\">Nous sommes Electriciens Dipl\u00f4m\u00e9s et certifi\u00e9s.<\/p>\n<\/div><\/div><hr class=\"c-separator m-transparent m-size-default\"><div class=\"c-feature\"><i class=\"feature-icon im im-design\"><\/i><h3 class=\"feature-title\">Travail de qualit\u00e9<\/h3><div class=\"feature-text\">Nous travaillons avec des produits de qualit\u00e9 et en respectant les normes DTU<\/p>\n<\/div><\/div><hr class=\"c-separator hidden-lg hidden-md hidden-sm m-transparent m-size-default\">[\/vc_column_inner][vc_column_inner width=\u00a0\u00bb1\/3&Prime;]<div class=\"c-feature\"><i class=\"feature-icon im im-clock2\"><\/i><h3 class=\"feature-title\">Disponible 24h\/7J<\/h3><div class=\"feature-text\">Une urgence ? Contactez-nous de suite !<\/p>\n<p>&nbsp;<\/p>\n<\/div><\/div><hr class=\"c-separator m-transparent m-size-default\"><div class=\"c-feature\"><i class=\"feature-icon im im-gear\"><\/i><h3 class=\"feature-title\">Expertise<\/h3><div class=\"feature-text\">Nous avons acquis un savoir faire de plus d&rsquo;une dizaine d&rsquo;ann\u00e9es dans le domaine de l&rsquo;\u00e9lectricit\u00e9 en g\u00e9n\u00e9rale<\/div><\/div><hr class=\"c-separator hidden-lg hidden-md hidden-sm m-transparent m-size-default\">[\/vc_column_inner][vc_column_inner width=\u00a0\u00bb1\/3&Prime;]<div class=\"c-feature\"><i class=\"feature-icon im im-cash\"><\/i><h3 class=\"feature-title\">Juste prix<\/h3><div class=\"feature-text\">Nous disposons d&rsquo;un des meilleurs rapport Qualit\u00e9 \/ Prix par rapport \u00e0 la concurrence.<\/div><\/div><hr class=\"c-separator m-transparent m-size-default\"><div class=\"c-feature\"><i class=\"feature-icon im im-flag\"><\/i><h3 class=\"feature-title\">A votre \u00e9coute<\/h3><div class=\"feature-text\">Nous aimons tisser des relations privil\u00e9gi\u00e9es avec nos clients et futurs clients.<\/div><\/div><hr class=\"c-separator m-transparent m-size-default\">[\/vc_column_inner][\/vc_row_inner][\/vc_column][\/vc_row][vc_row][vc_column]<section class=\"c-parallax-section m-dynamic\" style=\"background-image: url( 'https:\/\/www.elec-city.fr\/wp-content\/uploads\/2015\/02\/eleccity-baches.jpg' );\"><div class=\"section-bg\"><div class=\"section-inner\"><div class=\"container\"><h2>Elec City \u00e0 votre service<\/h2><\/div><\/div><\/div><\/section>[\/vc_column][\/vc_row][vc_row][vc_column]<ul class=\"c-service-list m-4-per-row m-type-1\"><li class=\"c-service m-type-1 slug-plumbing\"><div class=\"service-inner\"><div class=\"service-header\" style=\"background-image: url( https:\/\/www.elec-city.fr\/wp-content\/uploads\/2015\/02\/depannage-300x243.jpg);\"><div><div><a class=\"service-header-inner\" href=\"https:\/\/www.elec-city.fr\/index.php\/services\/plumbing\/\"><span class=\"service-icon\"><i class=\"im im-wrench\"><\/i><\/span><h3 class=\"service-title\">D\u00e9pannage Electrique<\/h3><\/a><\/div><\/div><\/div><\/div><\/li><li class=\"c-service m-type-1 slug-electricity\"><div class=\"service-inner\"><div class=\"service-header\" style=\"background-image: url( https:\/\/www.elec-city.fr\/wp-content\/uploads\/2015\/02\/diag-300x200.jpg);\"><div><div><a class=\"service-header-inner\" href=\"https:\/\/www.elec-city.fr\/index.php\/services\/electricity\/\"><span class=\"service-icon\"><i class=\"im im-lightning-bolt\"><\/i><\/span><h3 class=\"service-title\">Diagnostique Electrique<\/h3><\/a><\/div><\/div><\/div><\/div><\/li><li class=\"c-service m-type-1 slug-sewerage\"><div class=\"service-inner\"><div class=\"service-header\" style=\"background-image: url( https:\/\/www.elec-city.fr\/wp-content\/uploads\/2015\/02\/celiane-with-netatmo-legrand-300x200.jpg);\"><div><div><a class=\"service-header-inner\" href=\"https:\/\/www.elec-city.fr\/index.php\/services\/sewerage\/\"><span class=\"service-icon\"><i class=\"im im-loading\"><\/i><\/span><h3 class=\"service-title\">Domotique<\/h3><\/a><\/div><\/div><\/div><\/div><\/li><li class=\"c-service m-type-1 slug-eclairage\"><div class=\"service-inner\"><div class=\"service-header\" style=\"background-image: url( https:\/\/www.elec-city.fr\/wp-content\/uploads\/2015\/02\/ampoule-300x200.jpg);\"><div><div><a class=\"service-header-inner\" href=\"https:\/\/www.elec-city.fr\/index.php\/services\/eclairage\/\"><span class=\"service-icon\"><i class=\"im im-ruler\"><\/i><\/span><h3 class=\"service-title\">Eclairage<\/h3><\/a><\/div><\/div><\/div><\/div><\/li><li class=\"c-service m-type-1 slug-electricite-generale\"><div class=\"service-inner\"><div class=\"service-header\" style=\"background-image: url( https:\/\/www.elec-city.fr\/wp-content\/uploads\/2015\/02\/miseauxnormes-electriquen-300x200.jpg);\"><div><div><a class=\"service-header-inner\" href=\"https:\/\/www.elec-city.fr\/index.php\/services\/electricite-generale\/\"><span class=\"service-icon\"><i class=\"im im-paintbrush\"><\/i><\/span><h3 class=\"service-title\">Electricit\u00e9 G\u00e9n\u00e9rale<\/h3><\/a><\/div><\/div><\/div><\/div><\/li><li class=\"c-service m-type-1 slug-mise-aux-normes\"><div class=\"service-inner\"><div class=\"service-header\" style=\"background-image: url( https:\/\/www.elec-city.fr\/wp-content\/uploads\/2015\/02\/norme-300x232.jpg);\"><div><div><a class=\"service-header-inner\" href=\"https:\/\/www.elec-city.fr\/index.php\/services\/mise-aux-normes\/\"><span class=\"service-icon\"><i class=\"im im-droplet\"><\/i><\/span><h3 class=\"service-title\">Mise aux normes<\/h3><\/a><\/div><\/div><\/div><\/div><\/li><li class=\"c-service m-type-1 slug-heating\"><div class=\"service-inner\"><div class=\"service-header\" style=\"background-image: url( https:\/\/www.elec-city.fr\/wp-content\/uploads\/2015\/02\/consigne-securite-300x300.jpg);\"><div><div><a class=\"service-header-inner\" href=\"https:\/\/www.elec-city.fr\/index.php\/services\/heating\/\"><span class=\"service-icon\"><i class=\"im im-fire\"><\/i><\/span><h3 class=\"service-title\">S\u00e9curit\u00e9 \u00e9lectrique<\/h3><\/a><\/div><\/div><\/div><\/div><\/li><li class=\"c-service m-type-1 slug-ventilation\"><div class=\"service-inner\"><div class=\"service-header\" style=\"background-image: url( https:\/\/www.elec-city.fr\/wp-content\/uploads\/2015\/02\/ventil-300x201.jpg);\"><div><div><a class=\"service-header-inner\" href=\"https:\/\/www.elec-city.fr\/index.php\/services\/ventilation\/\"><span class=\"service-icon\"><i class=\"im im-home\"><\/i><\/span><h3 class=\"service-title\">Ventilation<\/h3><\/a><\/div><\/div><\/div><\/div><\/li><\/ul>[\/vc_column][\/vc_row][vc_row][vc_column]<section class=\"c-parallax-section m-dynamic m-color-overlay\" style=\"background-image: url( 'https:\/\/www.elec-city.fr\/wp-content\/uploads\/2015\/02\/dummy-3.jpg' );\"><div class=\"section-bg\"><div class=\"section-inner\"><div class=\"container\"><h2>Venez-voir <strong> Quelques uns de nos projets...<\/strong><\/h2><div class=\"c-project-list m-isotope m-3-per-row\"><ul class=\"project-list-items\"><li class=\"c-project  cat-depannage-electricite cat-depanneur-electrique-lille cat-elec-city-lille-electricien cat-electricien-independant-lille cat-electricien-lille-lillenium cat-electricite cat-enseigne-lille-electrique-led cat-enseigne-lumineuse-lille cat-entreprise-electricite-generale-lille cat-installation-eclairage-professionnel cat-installation-enseigne-et-luminaire cat-lille-metropole-electricien cat-lillenium cat-lomme cat-luminaire-exterieur cat-renovation-de-local-commercial cat-renovation-electrique-lille cat-renovation-tableau-electrique cat-urgence-electricite-lille\"><div class=\"project-inner\"><div class=\"project-thumb\"><p><a href=\"https:\/\/www.elec-city.fr\/index.php\/projets\/renovation-tableau-electrique\/\"><img src=\"https:\/\/www.elec-city.fr\/wp-content\/uploads\/2015\/02\/projet2-e1610755797391.jpg\" alt=\"R\u00e9novation d&rsquo;un ancien Tableau Electrique\"><\/a><\/p><\/div><div class=\"project-description\"><h3 class=\"project-title\"><a href=\"https:\/\/www.elec-city.fr\/index.php\/projets\/renovation-tableau-electrique\/\">R\u00e9novation d&rsquo;un ancien Tableau Electrique<\/a><\/h3><p>Nous avons r\u00e9alis\u00e9 dans ce chantier, une r\u00e9novation du tableau avec prise de terre ainsi qu'un test complet de l'installation.<\/p>\n<\/div><\/div><\/li><li class=\"c-project  cat-depannage-electricite cat-depanneur-electrique-lille cat-elec-city-lille-electricien cat-electricien-independant-lille cat-electricien-lille-lillenium cat-electricite cat-electricity cat-enseigne-lille-electrique-led cat-enseigne-lumineuse-lille cat-entreprise-electricite-generale-lille cat-installation-eclairage-professionnel cat-installation-enseigne-et-luminaire cat-lille cat-lille-metropole-electricien cat-lillenium cat-lomme cat-luminaire-exterieur cat-renovation-2\"><div class=\"project-inner\"><div class=\"project-thumb\"><p><a href=\"https:\/\/www.elec-city.fr\/index.php\/projets\/renovation-local-commercial\/\"><img src=\"https:\/\/www.elec-city.fr\/wp-content\/uploads\/2015\/02\/projet1-1.jpg\" alt=\"R\u00e9novation d&rsquo;un Local Commercial\"><\/a><\/p><\/div><div class=\"project-description\"><h3 class=\"project-title\"><a href=\"https:\/\/www.elec-city.fr\/index.php\/projets\/renovation-local-commercial\/\">R\u00e9novation d&rsquo;un Local Commercial<\/a><\/h3><p>Durant ce chantier nous avons coordonn\u00e9e plusieurs corps de m\u00e9tiers et r\u00e9aliser l'installation \u00e9lectrique\u00a0 compl\u00e8te.<\/p>\n<\/div><\/div><\/li><li class=\"c-project  cat-depannage-electricite cat-depanneur-electrique-lille cat-elec-city-lille-electricien cat-electricien-independant-lille cat-electricien-lille-lillenium cat-electricite cat-electricity cat-enseigne-lille-electrique-led cat-enseigne-lumineuse-lille cat-entreprise-electricite-generale-lille cat-installation-eclairage-professionnel cat-installation-enseigne-et-luminaire cat-lille cat-lille-metropole-electricien cat-lillenium cat-lomme cat-luminaire-exterieur cat-renovation cat-renovation-2 cat-renovation-complete-dun-local-commercial cat-renovation-de-local-commercial cat-renovation-electrique-lille cat-renovation-tableau-electrique cat-urgence-electricite-lille cat-villeneuve-dascq\"><div class=\"project-inner\"><div class=\"project-thumb\"><p><a href=\"https:\/\/www.elec-city.fr\/index.php\/projets\/luminaires-exterieurs\/\"><img src=\"https:\/\/www.elec-city.fr\/wp-content\/uploads\/2015\/02\/carpro.jpg\" alt=\"Installation Luminaires Exterieurs\"><\/a><\/p><\/div><div class=\"project-description\"><h3 class=\"project-title\"><a href=\"https:\/\/www.elec-city.fr\/index.php\/projets\/luminaires-exterieurs\/\">Installation Luminaires Exterieurs<\/a><\/h3><p>Le choix du bon luminaire est essentiel et nous vous aidons dans cette d\u00e9marche aussi.<\/p>\n<\/div><\/div><\/li><\/ul><\/div><\/div><\/div><\/div><\/section>[\/vc_column][\/vc_row][vc_row wrap_in_section=\u00a0\u00bbyes\u00a0\u00bb wrap_in_container=\u00a0\u00bbyes\u00a0\u00bb][vc_column][vc_column_text css_animation=\u00a0\u00bbfadeIn\u00a0\u00bb]<\/p>\n<h2>Nos clients heureux &#8230;<\/h2>\n<p>[\/vc_column_text][vc_row_inner][vc_column_inner width=\u00a0\u00bb1\/2&Prime;]<div class=\"c-testimonial\"><blockquote><p>Elec city nous a d\u00e9pann\u00e9 en urgence \u00e0 plusieurs reprises, nous les avons aussi contact\u00e9s pour la r\u00e9novation de notre appartement<\/p>\n<footer><cite><strong>Caroline DERYCKX<\/strong>, Restauratrice<\/cite><\/footer><\/blockquote><\/div><hr class=\"c-separator m-transparent m-size-default\"><div class=\"c-testimonial\"><blockquote><p>Je contacte r\u00e9guli\u00e8rement Elec City pour la r\u00e9novation de mes biens et pour le d\u00e9pannage de mes locataires.<\/p>\n<footer><cite><strong>Mehdi MELAH<\/strong>, Bailleur<\/cite><\/footer><\/blockquote><\/div><hr class=\"c-separator hidden-lg hidden-md hidden-sm m-default m-size-default\">[\/vc_column_inner][vc_column_inner width=\u00a0\u00bb1\/2&Prime;]<div class=\"c-testimonial\"><blockquote><p>Nous travaillons avec Elec City sur plusieurs projets dans la m\u00e9tropole Lilloise et nous en sommes tr\u00e8s heureux<\/p>\n<footer><cite><strong>Fabrice Deruter<\/strong>, Agent Immobilier<\/cite><\/footer><\/blockquote><\/div><hr class=\"c-separator m-transparent m-size-default\"><div class=\"c-testimonial\"><blockquote><p>Elec City \u00e0 r\u00e9nov\u00e9 notre habitation via un financement de l&rsquo;ANAH, merci \u00e0 vous !<\/p>\n<footer><cite><strong>Alain TOUREL<\/strong>, Propri\u00e9taire<\/cite><\/footer><\/blockquote><\/div>[\/vc_column_inner][\/vc_row_inner][\/vc_column][\/vc_row][vc_row][vc_column][\/vc_column][\/vc_row][vc_row][vc_column width=\u00a0\u00bb1\/2&Prime;][vc_facebook][\/vc_column][vc_column width=\u00a0\u00bb1\/2&Prime;][vc_googleplus][\/vc_column][\/vc_row][vc_row][vc_column][\/vc_column][\/vc_row][vc_row][vc_column][\/vc_column][\/vc_row]<\/p>\n","protected":false},"excerpt":{"rendered":"<p>[vc_row][vc_column][\/vc_column][\/vc_row][vc_row wrap_in_section=\u00a0\u00bbyes\u00a0\u00bb wrap_in_container=\u00a0\u00bbyes\u00a0\u00bb][vc_column][vc_column_text] Proximit\u00e9, Comp\u00e9tences &amp; Satisfaction Situ\u00e9 \u00e0 Lille Dans le Nord Pas-de-Calais, nous sommes \u00e0 votre disposition pour des interventions sur votre secteur. [\/vc_column_text][vc_row_inner][vc_column_inner width=\u00a0\u00bb1\/3&Prime;][\/vc_column_inner][vc_column_inner width=\u00a0\u00bb1\/3&Prime;][\/vc_column_inner][vc_column_inner width=\u00a0\u00bb1\/3&Prime;][\/vc_column_inner][\/vc_row_inner][\/vc_column][\/vc_row][vc_row][vc_column][\/vc_column][\/vc_row][vc_row][vc_column][\/vc_column][\/vc_row][vc_row][vc_column][\/vc_column][\/vc_row][vc_row wrap_in_section=\u00a0\u00bbyes\u00a0\u00bb wrap_in_container=\u00a0\u00bbyes\u00a0\u00bb][vc_column][vc_column_text css_animation=\u00a0\u00bbfadeIn\u00a0\u00bb] Nos clients heureux &#8230; [\/vc_column_text][vc_row_inner][vc_column_inner width=\u00a0\u00bb1\/2&Prime;][\/vc_column_inner][vc_column_inner width=\u00a0\u00bb1\/2&Prime;][\/vc_column_inner][\/vc_row_inner][\/vc_column][\/vc_row][vc_row][vc_column][\/vc_column][\/vc_row][vc_row][vc_column width=\u00a0\u00bb1\/2&Prime;][vc_facebook][\/vc_column][vc_column width=\u00a0\u00bb1\/2&Prime;][vc_googleplus][\/vc_column][\/vc_row][vc_row][vc_column][\/vc_column][\/vc_row][vc_row][vc_column][\/vc_column][\/vc_row]<\/p>\n","protected":false},"author":1,"featured_media":0,"parent":0,"menu_order":0,"comment_status":"open","ping_status":"closed","template":"templates\/full-width-without-title.php","meta":[],"_links":{"self":[{"href":"https:\/\/www.elec-city.fr\/index.php\/wp-json\/wp\/v2\/pages\/322"}],"collection":[{"href":"https:\/\/www.elec-city.fr\/index.php\/wp-json\/wp\/v2\/pages"}],"about":[{"href":"https:\/\/www.elec-city.fr\/index.php\/wp-json\/wp\/v2\/types\/page"}],"author":[{"embeddable":true,"href":"https:\/\/www.elec-city.fr\/index.php\/wp-json\/wp\/v2\/users\/1"}],"replies":[{"embeddable":true,"href":"https:\/\/www.elec-city.fr\/index.php\/wp-json\/wp\/v2\/comments?post=322"}],"version-history":[{"count":59,"href":"https:\/\/www.elec-city.fr\/index.php\/wp-json\/wp\/v2\/pages\/322\/revisions"}],"predecessor-version":[{"id":740,"href":"https:\/\/www.elec-city.fr\/index.php\/wp-json\/wp\/v2\/pages\/322\/revisions\/740"}],"wp:attachment":[{"href":"https:\/\/www.elec-city.fr\/index.php\/wp-json\/wp\/v2\/media?parent=322"}],"curies":[{"name":"wp","href":"https:\/\/api.w.org\/{rel}","templated":true}]}}